{"id":231,"date":"2015-11-21T08:12:04","date_gmt":"2015-11-21T08:12:04","guid":{"rendered":"http:\/\/tecnijanda.com\/?page_id=231"},"modified":"2022-08-17T10:46:43","modified_gmt":"2022-08-17T10:46:43","slug":"mantenimiento","status":"publish","type":"page","link":"https:\/\/tecnijanda.com\/?page_id=231","title":{"rendered":"Mantenimiento"},"content":{"rendered":"<p class=\"p1\"><strong class=\"str-2\">Servicios.<\/strong><\/p>\n<p class=\"p1\"><div class=\"gk-columns\" data-column-count=\"3\">\n<div><\/p>\n<p>En Tecnijanda disponemos de varios tipos de mantenimiento inform\u00e1tico pudi\u00e9ndolos adaptar a su forma de trabajar. Adem\u00e1s para los clientes con mantenimiento tenemos servicio t\u00e9cnico durante los fines de semana y festivos. P\u00eddanos presupuesto y le haremos uno a la medida de sus necesidades.<\/p>\n<p>Contamos con un servicio de Soporte On-line para resolver cualquier duda, o para reparar las aver\u00edas relacionadas con la configuraci\u00f3n del software.<\/p>\n<p>&nbsp;<\/p>\n<p class=\"p1\"><\/div>\n<div><\/p>\n<p>Ofrecemos un amplio cat\u00e1logo de Servicios Inform\u00e1ticos, dentro de los cuales destacamos el Soporte a Empresas, Servicio t\u00e9cnico y Soluciones Integrales para Hosteler\u00eda donde tenemos una gran experiencia y un amplio portfolio para cualquier necesidad.<\/p>\n<p>Adem\u00e1s como franquicia de\u00a0<a href=\"http:\/\/www.pistacero.es\/\">PISTA CERO INFORMATICA<\/a>, somos Partner de los principales fabricantes de Hardware y Software, como pueden ser HP, Dell, Brother, Acer, etc.<\/p>\n<p>&nbsp;<\/p>\n<p class=\"p1\"><\/div>\n<div><\/p>\n<div><\/div>\n<p><a href=\"https:\/\/tecnijanda.com\/wp-content\/uploads\/2015\/11\/logo_circulo_color-e1448121605652.jpg\"><img loading=\"lazy\" decoding=\"async\" class=\"alignnone  wp-image-268\" title=\"\" src=\"https:\/\/tecnijanda.com\/wp-content\/uploads\/2015\/11\/logo_circulo_color-300x293.jpg\" alt=\"logo_circulo_color\" width=\"355\" height=\"347\" \/><\/a><\/div>\n\n<\/div><\/p>\n<p>&nbsp;<\/p>\n<p class=\"p1\">.<\/p>\n","protected":false},"excerpt":{"rendered":"<p>Servicios. &nbsp; .&hellip;<\/p>\n","protected":false},"author":4,"featured_media":0,"parent":0,"menu_order":0,"comment_status":"closed","ping_status":"open","template":"","meta":{"footnotes":""},"_links":{"self":[{"href":"https:\/\/tecnijanda.com\/index.php?rest_route=\/wp\/v2\/pages\/231"}],"collection":[{"href":"https:\/\/tecnijanda.com\/index.php?rest_route=\/wp\/v2\/pages"}],"about":[{"href":"https:\/\/tecnijanda.com\/index.php?rest_route=\/wp\/v2\/types\/page"}],"author":[{"embeddable":true,"href":"https:\/\/tecnijanda.com\/index.php?rest_route=\/wp\/v2\/users\/4"}],"replies":[{"embeddable":true,"href":"https:\/\/tecnijanda.com\/index.php?rest_route=%2Fwp%2Fv2%2Fcomments&post=231"}],"version-history":[{"count":14,"href":"https:\/\/tecnijanda.com\/index.php?rest_route=\/wp\/v2\/pages\/231\/revisions"}],"predecessor-version":[{"id":395,"href":"https:\/\/tecnijanda.com\/index.php?rest_route=\/wp\/v2\/pages\/231\/revisions\/395"}],"wp:attachment":[{"href":"https:\/\/tecnijanda.com\/index.php?rest_route=%2Fwp%2Fv2%2Fmedia&parent=231"}],"curies":[{"name":"wp","href":"https:\/\/api.w.org\/{rel}","templated":true}]}}