{"id":235,"date":"2015-11-21T08:13:32","date_gmt":"2015-11-21T08:13:32","guid":{"rendered":"http:\/\/tecnijanda.com\/?page_id=235"},"modified":"2022-08-17T10:46:42","modified_gmt":"2022-08-17T10:46:42","slug":"comercio","status":"publish","type":"page","link":"https:\/\/tecnijanda.com\/?page_id=235","title":{"rendered":"Comercio"},"content":{"rendered":"<div class=\"gk-columns\" data-column-count=\"3\">\n<div><\/p>\n<p>Controle todo su comercio de manera r\u00e1pida y sencilla con nuestras aplicaciones t\u00e1ctiles.<\/p>\n<p>Puede a\u00f1adir los art\u00edculos a trav\u00e9s de lectura c\u00f3digos de barras, n\u00fameros de serie, etc. Adem\u00e1s disponemos de un m\u00f3dulo para los comercios que utilicen tallas y colores. As\u00ed como para sectores de venta directa al cliente, en los cuales el sistema t\u00e1ctil facilita la fluidez de todo el trabajo.<\/p>\n<p><a href=\"https:\/\/tecnijanda.com\/wp-content\/uploads\/2015\/11\/R1.jpg\"><img loading=\"lazy\" decoding=\"async\" class=\"alignnone size-large wp-image-386\" title=\"\" src=\"https:\/\/tecnijanda.com\/wp-content\/uploads\/2015\/11\/R1-1024x819.jpg\" alt=\"R1\" width=\"1024\" height=\"819\" srcset=\"https:\/\/tecnijanda.com\/wp-content\/uploads\/2015\/11\/R1-1024x819.jpg 1024w, https:\/\/tecnijanda.com\/wp-content\/uploads\/2015\/11\/R1-300x240.jpg 300w, https:\/\/tecnijanda.com\/wp-content\/uploads\/2015\/11\/R1.jpg 1280w\" sizes=\"(max-width: 1024px) 100vw, 1024px\" \/><\/a><br \/>\n<\/div>\n<div><\/p>\n<p>El software posee un novedoso sistema de comunicaciones, totalmente transparente al usuario que permitir\u00e1 gestionar diferentes establecimientos en tiempo real y sin necesidad de complicadas configuraciones.<\/p>\n<p><strong>Indicado para:<\/strong>\u00a0\u2022\u00a0Bazares \u2022\u00a0Perfumer\u00edas \u2022\u00a0Ferreter\u00edas \u2022\u00a0Supermercados \u2022\u00a0Merchandasing<\/p>\n<p>Dentro de esta gama de productos distribuimos una versi\u00f3n espec\u00edfica para peluquer\u00edas, salones de belleza, etc. Controle f\u00e1cilmente sus citas, los tratamientos que tienen pendientes cada cliente.<\/p>\n<p>Vea el planning diario, semanal, filtre por cada empleado o tenga una visi\u00f3n general para gestionar su negocio hasta el m\u00e1s m\u00ednimo detalle. Todo con un simple clic.<br \/>\n<\/div>\n<div><\/p>\n<p>&nbsp;<\/p>\n<p style=\"text-align: left;\"><strong>Somos distribuidores oficialesde DSTNET<\/strong><\/p>\n<p>&nbsp;<\/p>\n<p><a href=\"http:\/\/www.dstnet.com\/\"><img loading=\"lazy\" decoding=\"async\" class=\"alignnone size-full wp-image-299\" title=\"Resize by dragging with the right mouse button. \" src=\"https:\/\/tecnijanda.com\/wp-content\/uploads\/2015\/11\/DSTNETvert.jpg\" alt=\"DSTNETvert\" width=\"256\" height=\"413\" \/><\/a><\/div>\n\n<\/div>\n","protected":false},"excerpt":{"rendered":"<p>&hellip;<\/p>\n","protected":false},"author":4,"featured_media":0,"parent":0,"menu_order":0,"comment_status":"closed","ping_status":"open","template":"","meta":{"footnotes":""},"_links":{"self":[{"href":"https:\/\/tecnijanda.com\/index.php?rest_route=\/wp\/v2\/pages\/235"}],"collection":[{"href":"https:\/\/tecnijanda.com\/index.php?rest_route=\/wp\/v2\/pages"}],"about":[{"href":"https:\/\/tecnijanda.com\/index.php?rest_route=\/wp\/v2\/types\/page"}],"author":[{"embeddable":true,"href":"https:\/\/tecnijanda.com\/index.php?rest_route=\/wp\/v2\/users\/4"}],"replies":[{"embeddable":true,"href":"https:\/\/tecnijanda.com\/index.php?rest_route=%2Fwp%2Fv2%2Fcomments&post=235"}],"version-history":[{"count":25,"href":"https:\/\/tecnijanda.com\/index.php?rest_route=\/wp\/v2\/pages\/235\/revisions"}],"predecessor-version":[{"id":398,"href":"https:\/\/tecnijanda.com\/index.php?rest_route=\/wp\/v2\/pages\/235\/revisions\/398"}],"wp:attachment":[{"href":"https:\/\/tecnijanda.com\/index.php?rest_route=%2Fwp%2Fv2%2Fmedia&parent=235"}],"curies":[{"name":"wp","href":"https:\/\/api.w.org\/{rel}","templated":true}]}}