{"id":237,"date":"2015-11-21T08:14:03","date_gmt":"2015-11-21T08:14:03","guid":{"rendered":"http:\/\/tecnijanda.com\/?page_id=237"},"modified":"2022-08-17T10:46:43","modified_gmt":"2022-08-17T10:46:43","slug":"hosteleria","status":"publish","type":"page","link":"https:\/\/tecnijanda.com\/?page_id=237","title":{"rendered":"Hosteler\u00eda"},"content":{"rendered":"<div class=\"gk-columns\" data-column-count=\"2\">\n<div><\/p>\n<p>En Tecnijanda tenemos la respuesta para todas aquellas empresas cuya soluci\u00f3n pasa por la implantaci\u00f3n de terminales para el punto de venta, especialmente en el sector de la Hosteler\u00eda.<\/p>\n<p>En nuestro portfolio tenemos las mejores soluciones y las adaptamos a cada tipo y tama\u00f1o de empresa, independientemente de si gestiona un establecimiento o varios, para lo cual la aplicaci\u00f3n posee un novedoso sistema de comunicaciones, totalmente transparente al usuario que permitir\u00e1 gestionar diferentes establecimientos en tiempo real y sin necesidad de complicadas configuraciones.<\/p>\n<p><\/div>\n<div><\/p>\n<p>Optimice el trabajo de sus camareros tomando los pedidos de una manera r\u00e1pida y sencilla con nuestros sistemas de comandas electr\u00f3nicas, al no tener que llevar el pedido a la barra ya que salen directamente por la impresora de cocina, aumente la rapidez y la calidad del servicio.<\/p>\n<p>Nuestras soluciones TPV son el resultado de la experiencia\u00a0obtenida despu\u00e9s de un gran n\u00famero de instalaciones\u00a0y del conocimiento del sector, para ofrecerle un producto de f\u00e1cil uso, pero que cubra las necesidades de su empresa.<\/p>\n<p><\/div>\n\n<\/div>\n<a href=\"http:\/\/www.dstnet.com\/\" class=\"gk-banner-centered\"><img decoding=\"async\" src=\"https:\/\/tecnijanda.com\/wp-content\/uploads\/2015\/11\/DSTNET.jpg\" alt=\"\" \/><\/a>\n\n<div>\n<div class=\"gk-legend\" data-style=\"style2\"><strong>Distribuidores oficiales de DSTNET<\/strong>El software se configura para las distintas actividades como pueden ser bares, restaurantes, pub, discotecas, fast-food, servicio a domicilio, etc.Adem\u00e1s de contar con las m\u00e1s modernas tecnolog\u00edas, la orientaci\u00f3n al cliente es una de principales causas de \u00e9xito. Aplicamos esta filosof\u00eda en nuestras instalaciones.En Tecnijanda inform\u00e1tica encontrar\u00e1 una atm\u00f3sfera amigable y agradable.<\/div>\n<p>&nbsp;<\/p>\n<p>&nbsp;<\/p>\n<\/div>\n","protected":false},"excerpt":{"rendered":"<p>&nbsp; &nbsp;&hellip;<\/p>\n","protected":false},"author":4,"featured_media":0,"parent":0,"menu_order":0,"comment_status":"closed","ping_status":"open","template":"template.gallery.php","meta":{"footnotes":""},"_links":{"self":[{"href":"https:\/\/tecnijanda.com\/index.php?rest_route=\/wp\/v2\/pages\/237"}],"collection":[{"href":"https:\/\/tecnijanda.com\/index.php?rest_route=\/wp\/v2\/pages"}],"about":[{"href":"https:\/\/tecnijanda.com\/index.php?rest_route=\/wp\/v2\/types\/page"}],"author":[{"embeddable":true,"href":"https:\/\/tecnijanda.com\/index.php?rest_route=\/wp\/v2\/users\/4"}],"replies":[{"embeddable":true,"href":"https:\/\/tecnijanda.com\/index.php?rest_route=%2Fwp%2Fv2%2Fcomments&post=237"}],"version-history":[{"count":30,"href":"https:\/\/tecnijanda.com\/index.php?rest_route=\/wp\/v2\/pages\/237\/revisions"}],"predecessor-version":[{"id":399,"href":"https:\/\/tecnijanda.com\/index.php?rest_route=\/wp\/v2\/pages\/237\/revisions\/399"}],"wp:attachment":[{"href":"https:\/\/tecnijanda.com\/index.php?rest_route=%2Fwp%2Fv2%2Fmedia&parent=237"}],"curies":[{"name":"wp","href":"https:\/\/api.w.org\/{rel}","templated":true}]}}