{"id":76588,"date":"2022-07-05T09:39:55","date_gmt":"2022-07-05T09:39:55","guid":{"rendered":"https:\/\/tecnijanda.com\/?page_id=76588"},"modified":"2022-08-17T10:46:43","modified_gmt":"2022-08-17T10:46:43","slug":"kit-digital","status":"publish","type":"page","link":"https:\/\/tecnijanda.com\/?page_id=76588","title":{"rendered":"Kit Digital web y presencia en internet"},"content":{"rendered":"\n<div style=\"height:50px\" aria-hidden=\"true\" class=\"wp-block-spacer\"><\/div>\n\n\n<div class=\"wp-block-image\">\n<figure class=\"aligncenter size-full\"><a href=\"https:\/\/tecnijanda.com\/wp-content\/uploads\/2022\/07\/Logo-digitalizadores.png\"><img loading=\"lazy\" decoding=\"async\" width=\"1920\" height=\"223\" src=\"https:\/\/tecnijanda.com\/wp-content\/uploads\/2022\/07\/Logo-digitalizadores.png\" alt=\"\" class=\"wp-image-76591\" srcset=\"https:\/\/tecnijanda.com\/wp-content\/uploads\/2022\/07\/Logo-digitalizadores.png 1920w, https:\/\/tecnijanda.com\/wp-content\/uploads\/2022\/07\/Logo-digitalizadores-300x35.png 300w, https:\/\/tecnijanda.com\/wp-content\/uploads\/2022\/07\/Logo-digitalizadores-1024x119.png 1024w, https:\/\/tecnijanda.com\/wp-content\/uploads\/2022\/07\/Logo-digitalizadores-768x89.png 768w, https:\/\/tecnijanda.com\/wp-content\/uploads\/2022\/07\/Logo-digitalizadores-1536x178.png 1536w\" sizes=\"(max-width: 1920px) 100vw, 1920px\" \/><\/a><\/figure><\/div>\n\n\n<div style=\"height:50px\" aria-hidden=\"true\" class=\"wp-block-spacer\"><\/div>\n\n\n\n<div class=\"wp-block-columns is-layout-flex wp-container-core-columns-is-layout-1 wp-block-columns-is-layout-flex\">\n<div class=\"wp-block-column is-layout-flow wp-block-column-is-layout-flow\">\n<p>Dentro del programa AceleraPYME del Ministerio de Asuntos Econ\u00f3micos y Transformaci\u00f3n Digital, se ha publicado la convocatoria de ayudas Kit Digital, orientada a pymes y aut\u00f3nomos para la implantaci\u00f3n de soluciones digitales a trav\u00e9s del <strong>bono digital<\/strong>.<\/p>\n\n\n\n<p>Las soluciones digitales solo podr\u00e1n ser proporcionadas a trav\u00e9s <strong>proveedores homologados<\/strong> del programa, llamados <strong>Agentes Digitalizadores<\/strong>.<\/p>\n\n\n\n<p>Expande la presencia en internet de su empresa mediante la creaci\u00f3n de una p\u00e1gina web y\/o la prestaci\u00f3n de servicios que proporcionen posicionamiento b\u00e1sico en internet.<\/p>\n<\/div>\n\n\n\n<div class=\"wp-block-column is-layout-flow wp-block-column-is-layout-flow\">\n<p class=\"has-text-align-center\"><strong>Segmento III 0 &lt; 3 empleados<\/strong>: 2.000\u20ac<\/p>\n\n\n\n<p class=\"has-text-align-center\"><strong>Segmento II 3 &lt; 9 empleados<\/strong>: 2.000\u20ac<\/p>\n\n\n\n<p class=\"has-text-align-center\"><strong>Segmento I 10 &lt; 50 empleados<\/strong>: 2.000\u20ac<\/p>\n\n\n\n<p class=\"has-text-align-center\">Ll\u00e1manos para recibir m\u00e1s informaci\u00f3n<\/p>\n\n\n\n<div class=\"wp-block-buttons is-layout-flex wp-block-buttons-is-layout-flex\">\n<div class=\"wp-block-button aligncenter\"><a class=\"wp-block-button__link has-white-color has-text-color has-background\" href=\"https:\/\/tecnijanda.com\/?page_id=27\" style=\"background-color:#e8c266\"><strong>M\u00e1s informaci\u00f3n<\/strong><\/a><\/div>\n<\/div>\n<\/div>\n<\/div>\n\n\n\n<hr class=\"wp-block-separator has-alpha-channel-opacity\"\/>\n\n\n\n<h2 class=\"has-text-align-left wp-block-heading\"><strong><strong><strong><strong>\u00bfQu\u00e9 incluye este Kit Digital?<\/strong><\/strong><\/strong><\/strong><\/h2>\n\n\n\n<p>El principal objetivo de esta categor\u00eda es que puedas tener una&nbsp;<strong>p\u00e1gina web para darte visibilidad en Internet<\/strong>.<\/p>\n\n\n\n<p><strong>Funcionalidades y servicios<\/strong><\/p>\n\n\n\n<ul><li><strong>Dominio<\/strong>: La soluci\u00f3n incluye el dominio de tu web durante un plazo m\u00ednimo de doce meses. La titularidad del dominio ser\u00e1 tuya por completo.<\/li><li><strong>Hosting<\/strong>: Tambi\u00e9n tendr\u00e1s a tu disposici\u00f3n el alojamiento de la p\u00e1gina web durante un plazo m\u00ednimo de doce meses.<\/li><li><strong>Dise\u00f1o de la p\u00e1gina web<\/strong>: Como parte del servicio tendr\u00e1s la estructura de la web, con un m\u00ednimo de 3 apartados. Se consideran p\u00e1ginas o apartados de una web, elementos tales como: p\u00e1gina de inicio (Landing Page), presentaci\u00f3n de la empresa, formulario de contacto, descripci\u00f3n de productos, datos de contacto, mapa del sitio (sitemap), etc.<\/li><li><strong>Web responsive<\/strong>: Tu web se adaptar\u00e1 perfectamente a cualquier tipo de dispositivo.<\/li><li><strong>Accesibilidad<\/strong>: El dise\u00f1o de tu web cumplir\u00e1 con los criterios de conformidad de nivel AA de las Pautas WCAG-2.1.<\/li><li><strong>Posicionamiento b\u00e1sico en internet<\/strong>: La informaci\u00f3n de tu pyme ser\u00e1 indexable por los principales motores de b\u00fasqueda (On-Page).<\/li><li><strong>Autogestionable<\/strong>: Dispondr\u00e1s tambi\u00e9n de una plataforma de gesti\u00f3n de contenidos para que puedas modificar los contenidos de tu web sin necesidad de ayuda.<\/li><li><strong>Optimizaci\u00f3n de la presencia en buscadores (SEO b\u00e1sico)<\/strong>: An\u00e1lisis de palabras clave, SEO On-Page de 2 p\u00e1ginas o apartados, indexaci\u00f3n y jerarquizaci\u00f3n del contenido.<\/li><\/ul>\n\n\n\n<h2 class=\"has-text-align-left wp-block-heading\"><strong>\u00bfC\u00f3mo se consigue el Kit Digital?<\/strong><\/h2>\n\n\n\n<figure class=\"wp-block-embed aligncenter is-type-video is-provider-youtube wp-block-embed-youtube wp-embed-aspect-16-9 wp-has-aspect-ratio\"><div class=\"wp-block-embed__wrapper\">\n<iframe loading=\"lazy\" title=\"\u00bfC\u00f3mo se consigue el Kit Digital?\" width=\"500\" height=\"281\" src=\"https:\/\/www.youtube.com\/embed\/LbkzY4PzoZg?feature=oembed\" frameborder=\"0\" allow=\"accelerometer; autoplay; clipboard-write; encrypted-media; gyroscope; picture-in-picture; web-share\" referrerpolicy=\"strict-origin-when-cross-origin\" allowfullscreen><\/iframe>\n<\/div><\/figure>\n\n\n\n<div class=\"wp-block-buttons is-layout-flex wp-block-buttons-is-layout-flex\"><\/div>\n","protected":false},"excerpt":{"rendered":"<p>Dentro del programa AceleraPYME del Ministerio de Asuntos Econ\u00f3micos y Transformaci\u00f3n Digital, se ha publicado la convocatoria de ayudas Kit Digital, orientada a pymes y aut\u00f3nomos para la implantaci\u00f3n de soluciones digitales a trav\u00e9s del bono digital. Las soluciones digitales solo podr\u00e1n ser proporcionadas a trav\u00e9s proveedores homologados del programa, llamados Agentes Digitalizadores. Expande la&hellip;<\/p>\n","protected":false},"author":4,"featured_media":0,"parent":0,"menu_order":0,"comment_status":"closed","ping_status":"closed","template":"","meta":{"footnotes":""},"_links":{"self":[{"href":"https:\/\/tecnijanda.com\/index.php?rest_route=\/wp\/v2\/pages\/76588"}],"collection":[{"href":"https:\/\/tecnijanda.com\/index.php?rest_route=\/wp\/v2\/pages"}],"about":[{"href":"https:\/\/tecnijanda.com\/index.php?rest_route=\/wp\/v2\/types\/page"}],"author":[{"embeddable":true,"href":"https:\/\/tecnijanda.com\/index.php?rest_route=\/wp\/v2\/users\/4"}],"replies":[{"embeddable":true,"href":"https:\/\/tecnijanda.com\/index.php?rest_route=%2Fwp%2Fv2%2Fcomments&post=76588"}],"version-history":[{"count":21,"href":"https:\/\/tecnijanda.com\/index.php?rest_route=\/wp\/v2\/pages\/76588\/revisions"}],"predecessor-version":[{"id":76664,"href":"https:\/\/tecnijanda.com\/index.php?rest_route=\/wp\/v2\/pages\/76588\/revisions\/76664"}],"wp:attachment":[{"href":"https:\/\/tecnijanda.com\/index.php?rest_route=%2Fwp%2Fv2%2Fmedia&parent=76588"}],"curies":[{"name":"wp","href":"https:\/\/api.w.org\/{rel}","templated":true}]}}