{"id":76615,"date":"2022-07-05T10:52:12","date_gmt":"2022-07-05T10:52:12","guid":{"rendered":"https:\/\/tecnijanda.com\/?page_id=76615"},"modified":"2022-08-17T10:46:43","modified_gmt":"2022-08-17T10:46:43","slug":"kit-digital-comercio-electronico","status":"publish","type":"page","link":"https:\/\/tecnijanda.com\/?page_id=76615","title":{"rendered":"Kit Digital Comercio electr\u00f3nico"},"content":{"rendered":"\n<div style=\"height:50px\" aria-hidden=\"true\" class=\"wp-block-spacer\"><\/div>\n\n\n\n<figure class=\"wp-block-image size-large\"><a href=\"https:\/\/tecnijanda.com\/wp-content\/uploads\/2022\/07\/Logo-digitalizadores.png\"><img loading=\"lazy\" decoding=\"async\" width=\"1024\" height=\"119\" src=\"https:\/\/tecnijanda.com\/wp-content\/uploads\/2022\/07\/Logo-digitalizadores-1024x119.png\" alt=\"\" class=\"wp-image-76591\" srcset=\"https:\/\/tecnijanda.com\/wp-content\/uploads\/2022\/07\/Logo-digitalizadores-1024x119.png 1024w, https:\/\/tecnijanda.com\/wp-content\/uploads\/2022\/07\/Logo-digitalizadores-300x35.png 300w, https:\/\/tecnijanda.com\/wp-content\/uploads\/2022\/07\/Logo-digitalizadores-768x89.png 768w, https:\/\/tecnijanda.com\/wp-content\/uploads\/2022\/07\/Logo-digitalizadores-1536x178.png 1536w, https:\/\/tecnijanda.com\/wp-content\/uploads\/2022\/07\/Logo-digitalizadores.png 1920w\" sizes=\"(max-width: 1024px) 100vw, 1024px\" \/><\/a><\/figure>\n\n\n\n<div style=\"height:50px\" aria-hidden=\"true\" class=\"wp-block-spacer\"><\/div>\n\n\n\n<div class=\"wp-block-columns is-layout-flex wp-container-core-columns-is-layout-1 wp-block-columns-is-layout-flex\">\n<div class=\"wp-block-column is-layout-flow wp-block-column-is-layout-flow\">\n<p>Dentro del programa AceleraPYME del Ministerio de Asuntos Econ\u00f3micos y Transformaci\u00f3n Digital, se ha publicado la convocatoria de ayudas Kit Digital, orientada a pymes y aut\u00f3nomos para la implantaci\u00f3n de soluciones digitales a trav\u00e9s del <strong>bono digital<\/strong>.<\/p>\n\n\n\n<p>Las soluciones digitales solo podr\u00e1n ser proporcionadas a trav\u00e9s <strong>proveedores homologados<\/strong> del programa, llamados <strong>Agentes Digitalizadores<\/strong><\/p>\n\n\n\n<p>Servicio dirigido a empresas que venden productos, o servicios, y quieran ampliar su alcance exponencialmente, a\u00f1adiendo internet a sus canales de venta.<\/p>\n<\/div>\n\n\n\n<div class=\"wp-block-column is-layout-flow wp-block-column-is-layout-flow\">\n<p class=\"has-text-align-center\"><strong>Segmento III 0 &lt; 3 empleados<\/strong>: 2.000\u20ac<\/p>\n\n\n\n<p class=\"has-text-align-center\"><strong>Segmento II 3 &lt; 9 empleados<\/strong>: 2.000\u20ac<\/p>\n\n\n\n<p class=\"has-text-align-center\"><strong>Segmento I 10 &lt; 50 empleados<\/strong>: 2.000\u20ac<\/p>\n\n\n\n<p class=\"has-text-align-center\">Ll\u00e1manos para recibir m\u00e1s informaci\u00f3n<\/p>\n\n\n\n<div class=\"wp-block-buttons is-layout-flex wp-block-buttons-is-layout-flex\">\n<div class=\"wp-block-button aligncenter\"><a class=\"wp-block-button__link has-white-color has-text-color has-background\" href=\"https:\/\/tecnijanda.com\/?page_id=27\" style=\"background-color:#e8c266\"><strong>M\u00e1s informaci\u00f3n<\/strong><\/a><\/div>\n<\/div>\n<\/div>\n<\/div>\n\n\n\n<hr class=\"wp-block-separator has-alpha-channel-opacity\"\/>\n\n\n\n<h2 class=\"has-text-align-left wp-block-heading\"><strong><strong><strong><strong>\u00bfQu\u00e9 incluye este Kit Digital?<\/strong><\/strong><\/strong><\/strong><\/h2>\n\n\n\n<p>El principal objetivo de esta categor\u00eda es que puedas tener una&nbsp;<strong>p\u00e1gina web para darte visibilidad en Internet<\/strong>.<\/p>\n\n\n\n<p><strong>Funcionalidades y servicios<\/strong><\/p>\n\n\n\n<ul><li>Creaci\u00f3n de la tienda <em>online <\/em>o <em>E-Commerce<\/em> y alta del cat\u00e1logo de productos: producci\u00f3n de un cat\u00e1logo mediante el alta, importaci\u00f3n o carga de los productos o art\u00edculos de la pyme. El n\u00famero de referencias a cargar por el agente digitalizador ser\u00e1 de al menos&nbsp;100 referencias de productos, salvo que la pyme no disponga de este n\u00famero, en cuyo caso podr\u00e1 ser menor.<\/li><li>M\u00e9todos de pago: configuraci\u00f3n e integraci\u00f3n de los m\u00e9todos de pago.<\/li><li><em>Dise\u00f1o Responsive:<\/em> la soluci\u00f3n de <em>E-Commerce<\/em> dise\u00f1ada debe adaptarse para ser funcional&nbsp;en todo tipo de dispositivos.&nbsp;<\/li><li>Accesibilidad: El dise\u00f1o debe cumplir con criterios de conformidad de nivel AA de las Pautas WCAG-2.1.&nbsp;<\/li><li>Posicionamiento b\u00e1sico en internet:&nbsp;Posicionamiento de la informaci\u00f3n b\u00e1sica del negocio, contacto y perfil de la empresa en los principales <em>sites,<\/em> redes de negocio o directorios de empresas y profesionales.<\/li><li>Optimizaci\u00f3n de la presencia en buscadores (SEO): An\u00e1lisis de palabras clave, an\u00e1lisis de la competencia, SEO On-Page de&nbsp;2 p\u00e1ginas o apartados, indexaci\u00f3n y jerarquizaci\u00f3n del contenido e informes trimestrales de seguimiento.<\/li><li>Autogestionable: se deber\u00e1 proveer una plataforma de gesti\u00f3n de contenidos para el beneficiario, de manera que sea aut\u00f3nomo a la hora de modificar el contenido de sus p\u00e1ginas web, sin la necesidad de recurrir al soporte de la empresa proveedora.<\/li><li>Formas de env\u00edo: configuraci\u00f3n e integraci\u00f3n de m\u00e9todos de env\u00edo digital y f\u00edsico de los productos comercializados por el beneficiario en la tienda online.<\/li><\/ul>\n\n\n\n<h2 class=\"has-text-align-left wp-block-heading\"><strong>\u00bfC\u00f3mo se consigue el Kit Digital?<\/strong><\/h2>\n\n\n\n<figure class=\"wp-block-embed is-type-video is-provider-youtube wp-block-embed-youtube wp-embed-aspect-16-9 wp-has-aspect-ratio\"><div class=\"wp-block-embed__wrapper\">\n<iframe loading=\"lazy\" title=\"\u00bfC\u00f3mo se consigue el Kit Digital?\" width=\"500\" height=\"281\" src=\"https:\/\/www.youtube.com\/embed\/LbkzY4PzoZg?feature=oembed\" frameborder=\"0\" allow=\"accelerometer; autoplay; clipboard-write; encrypted-media; gyroscope; picture-in-picture; web-share\" referrerpolicy=\"strict-origin-when-cross-origin\" allowfullscreen><\/iframe>\n<\/div><\/figure>\n","protected":false},"excerpt":{"rendered":"<p>Dentro del programa AceleraPYME del Ministerio de Asuntos Econ\u00f3micos y Transformaci\u00f3n Digital, se ha publicado la convocatoria de ayudas Kit Digital, orientada a pymes y aut\u00f3nomos para la implantaci\u00f3n de soluciones digitales a trav\u00e9s del bono digital. Las soluciones digitales solo podr\u00e1n ser proporcionadas a trav\u00e9s proveedores homologados del programa, llamados Agentes Digitalizadores Servicio dirigido&hellip;<\/p>\n","protected":false},"author":4,"featured_media":0,"parent":0,"menu_order":0,"comment_status":"closed","ping_status":"closed","template":"","meta":{"footnotes":""},"_links":{"self":[{"href":"https:\/\/tecnijanda.com\/index.php?rest_route=\/wp\/v2\/pages\/76615"}],"collection":[{"href":"https:\/\/tecnijanda.com\/index.php?rest_route=\/wp\/v2\/pages"}],"about":[{"href":"https:\/\/tecnijanda.com\/index.php?rest_route=\/wp\/v2\/types\/page"}],"author":[{"embeddable":true,"href":"https:\/\/tecnijanda.com\/index.php?rest_route=\/wp\/v2\/users\/4"}],"replies":[{"embeddable":true,"href":"https:\/\/tecnijanda.com\/index.php?rest_route=%2Fwp%2Fv2%2Fcomments&post=76615"}],"version-history":[{"count":2,"href":"https:\/\/tecnijanda.com\/index.php?rest_route=\/wp\/v2\/pages\/76615\/revisions"}],"predecessor-version":[{"id":76665,"href":"https:\/\/tecnijanda.com\/index.php?rest_route=\/wp\/v2\/pages\/76615\/revisions\/76665"}],"wp:attachment":[{"href":"https:\/\/tecnijanda.com\/index.php?rest_route=%2Fwp%2Fv2%2Fmedia&parent=76615"}],"curies":[{"name":"wp","href":"https:\/\/api.w.org\/{rel}","templated":true}]}}