{"id":76624,"date":"2022-07-05T11:04:13","date_gmt":"2022-07-05T11:04:13","guid":{"rendered":"https:\/\/tecnijanda.com\/?page_id=76624"},"modified":"2022-08-17T10:46:43","modified_gmt":"2022-08-17T10:46:43","slug":"kit-digital-gestion-de-redes-sociales","status":"publish","type":"page","link":"https:\/\/tecnijanda.com\/?page_id=76624","title":{"rendered":"Kit Digital Gesti\u00f3n de redes sociales"},"content":{"rendered":"\n<div style=\"height:50px\" aria-hidden=\"true\" class=\"wp-block-spacer\"><\/div>\n\n\n\n<figure class=\"wp-block-image size-large\"><a href=\"https:\/\/tecnijanda.com\/wp-content\/uploads\/2022\/07\/Logo-digitalizadores.png\"><img loading=\"lazy\" decoding=\"async\" width=\"1024\" height=\"119\" src=\"https:\/\/tecnijanda.com\/wp-content\/uploads\/2022\/07\/Logo-digitalizadores-1024x119.png\" alt=\"\" class=\"wp-image-76591\" srcset=\"https:\/\/tecnijanda.com\/wp-content\/uploads\/2022\/07\/Logo-digitalizadores-1024x119.png 1024w, https:\/\/tecnijanda.com\/wp-content\/uploads\/2022\/07\/Logo-digitalizadores-300x35.png 300w, https:\/\/tecnijanda.com\/wp-content\/uploads\/2022\/07\/Logo-digitalizadores-768x89.png 768w, https:\/\/tecnijanda.com\/wp-content\/uploads\/2022\/07\/Logo-digitalizadores-1536x178.png 1536w, https:\/\/tecnijanda.com\/wp-content\/uploads\/2022\/07\/Logo-digitalizadores.png 1920w\" sizes=\"(max-width: 1024px) 100vw, 1024px\" \/><\/a><\/figure>\n\n\n\n<div style=\"height:50px\" aria-hidden=\"true\" class=\"wp-block-spacer\"><\/div>\n\n\n\n<div class=\"wp-block-columns is-layout-flex wp-container-core-columns-is-layout-1 wp-block-columns-is-layout-flex\">\n<div class=\"wp-block-column is-layout-flow wp-block-column-is-layout-flow\">\n<p>Dentro del programa AceleraPYME del Ministerio de Asuntos Econ\u00f3micos y Transformaci\u00f3n Digital, se ha publicado la convocatoria de ayudas Kit Digital, orientada a pymes y aut\u00f3nomos para la implantaci\u00f3n de soluciones digitales a trav\u00e9s del <strong>bono digital<\/strong>.<\/p>\n\n\n\n<p>Las soluciones digitales solo podr\u00e1n ser proporcionadas a trav\u00e9s <strong>proveedores homologados<\/strong> del programa, llamados <strong>Agentes Digitalizadores<\/strong>.<\/p>\n\n\n\n<p>Gracias a la subvenci\u00f3n podr\u00e1s promocionar tu empresa en redes sociales.<\/p>\n<\/div>\n\n\n\n<div class=\"wp-block-column is-layout-flow wp-block-column-is-layout-flow\">\n<p class=\"has-text-align-center\"><strong>Segmento III 0 &lt; 3 empleados<\/strong>: 2.000\u20ac<\/p>\n\n\n\n<p class=\"has-text-align-center\"><strong>Segmento II 3 &lt; 9 empleados<\/strong>: 2.500\u20ac<\/p>\n\n\n\n<p class=\"has-text-align-center\"><strong>Segmento I 10 &lt; 50 empleados<\/strong>: 2.500\u20ac<\/p>\n\n\n\n<p class=\"has-text-align-center\">Ll\u00e1manos o contacte por el formulario de contacto, para recibir m\u00e1s informaci\u00f3n.<\/p>\n\n\n\n<div class=\"wp-block-buttons is-layout-flex wp-block-buttons-is-layout-flex\">\n<div class=\"wp-block-button aligncenter\"><a class=\"wp-block-button__link has-white-color has-text-color has-background\" href=\"https:\/\/tecnijanda.com\/?page_id=27\" style=\"background-color:#e8c266\"><strong>M\u00e1s informaci\u00f3n<\/strong><\/a><\/div>\n<\/div>\n<\/div>\n<\/div>\n\n\n\n<hr class=\"wp-block-separator has-alpha-channel-opacity\"\/>\n\n\n\n<h2 class=\"has-text-align-left wp-block-heading\"><strong><strong>\u00bfQu\u00e9 incluye este Kit Digital?<\/strong><\/strong><\/h2>\n\n\n\n<p>El principal objetivo de esta categor\u00eda es Promocionar a las empresas beneficiarias en redes sociales<\/p>\n\n\n\n<p><strong>Funcionalidades y servicios<\/strong><\/p>\n\n\n\n<ul><li>Social Media Plan: definici\u00f3n e implementaci\u00f3n de una estrategia de redes sociales alineada con la misi\u00f3n y visi\u00f3n de la pyme, que sea relevante y conecte con los potenciales clientes, y fidelice a aquellos usuarios que ya lo sean.<\/li><li>Monitorizaci\u00f3n de redes sociales: monitorizaci\u00f3n y control peri\u00f3dico a trav\u00e9s de m\u00e9tricas de referencia del impacto de las acciones, para cuantificar los resultados y comprobar si se est\u00e1n cumpliendo los objetivos marcados en la estrategia.<\/li><li>Optimizaci\u00f3n de la red\/Auditor\u00eda Social Media: an\u00e1lisis de los diferentes canales sociales para poder optimizar el rendimiento.<\/li><li>Gesti\u00f3n de una red social: administraci\u00f3n del perfil\/usuario de la pyme en, al menos, una red social.<\/li><li>Publicaci\u00f3n de <em>posts <\/em>semanales: publicaci\u00f3n por parte del agente digitalizador de un m\u00ednimo de&nbsp;4-8 entradas <em>(posts)<\/em> mensuales.<\/li><\/ul>\n\n\n\n<h2 class=\"has-text-align-left wp-block-heading\"><strong>\u00bfC\u00f3mo se consigue el Kit Digital?<\/strong><\/h2>\n\n\n\n<figure class=\"wp-block-embed is-type-video is-provider-youtube wp-block-embed-youtube wp-embed-aspect-16-9 wp-has-aspect-ratio\"><div class=\"wp-block-embed__wrapper\">\n<iframe loading=\"lazy\" title=\"\u00bfC\u00f3mo se consigue el Kit Digital?\" width=\"500\" height=\"281\" src=\"https:\/\/www.youtube.com\/embed\/LbkzY4PzoZg?feature=oembed\" frameborder=\"0\" allow=\"accelerometer; autoplay; clipboard-write; encrypted-media; gyroscope; picture-in-picture; web-share\" referrerpolicy=\"strict-origin-when-cross-origin\" allowfullscreen><\/iframe>\n<\/div><\/figure>\n","protected":false},"excerpt":{"rendered":"<p>Dentro del programa AceleraPYME del Ministerio de Asuntos Econ\u00f3micos y Transformaci\u00f3n Digital, se ha publicado la convocatoria de ayudas Kit Digital, orientada a pymes y aut\u00f3nomos para la implantaci\u00f3n de soluciones digitales a trav\u00e9s del bono digital. Las soluciones digitales solo podr\u00e1n ser proporcionadas a trav\u00e9s proveedores homologados del programa, llamados Agentes Digitalizadores. Gracias a&hellip;<\/p>\n","protected":false},"author":4,"featured_media":0,"parent":0,"menu_order":0,"comment_status":"closed","ping_status":"closed","template":"","meta":{"footnotes":""},"_links":{"self":[{"href":"https:\/\/tecnijanda.com\/index.php?rest_route=\/wp\/v2\/pages\/76624"}],"collection":[{"href":"https:\/\/tecnijanda.com\/index.php?rest_route=\/wp\/v2\/pages"}],"about":[{"href":"https:\/\/tecnijanda.com\/index.php?rest_route=\/wp\/v2\/types\/page"}],"author":[{"embeddable":true,"href":"https:\/\/tecnijanda.com\/index.php?rest_route=\/wp\/v2\/users\/4"}],"replies":[{"embeddable":true,"href":"https:\/\/tecnijanda.com\/index.php?rest_route=%2Fwp%2Fv2%2Fcomments&post=76624"}],"version-history":[{"count":7,"href":"https:\/\/tecnijanda.com\/index.php?rest_route=\/wp\/v2\/pages\/76624\/revisions"}],"predecessor-version":[{"id":76660,"href":"https:\/\/tecnijanda.com\/index.php?rest_route=\/wp\/v2\/pages\/76624\/revisions\/76660"}],"wp:attachment":[{"href":"https:\/\/tecnijanda.com\/index.php?rest_route=%2Fwp%2Fv2%2Fmedia&parent=76624"}],"curies":[{"name":"wp","href":"https:\/\/api.w.org\/{rel}","templated":true}]}}