{"id":76633,"date":"2022-07-05T11:18:47","date_gmt":"2022-07-05T11:18:47","guid":{"rendered":"https:\/\/tecnijanda.com\/?page_id=76633"},"modified":"2022-08-17T10:46:43","modified_gmt":"2022-08-17T10:46:43","slug":"kit-digital-gestion-de-clientes-crm","status":"publish","type":"page","link":"https:\/\/tecnijanda.com\/?page_id=76633","title":{"rendered":"Kit Digital Gesti\u00f3n de clientes CRM"},"content":{"rendered":"\n<div style=\"height:50px\" aria-hidden=\"true\" class=\"wp-block-spacer\"><\/div>\n\n\n\n<figure class=\"wp-block-image size-large\"><a href=\"https:\/\/tecnijanda.com\/wp-content\/uploads\/2022\/07\/Logo-digitalizadores.png\"><img loading=\"lazy\" decoding=\"async\" width=\"1024\" height=\"119\" src=\"https:\/\/tecnijanda.com\/wp-content\/uploads\/2022\/07\/Logo-digitalizadores-1024x119.png\" alt=\"\" class=\"wp-image-76591\" srcset=\"https:\/\/tecnijanda.com\/wp-content\/uploads\/2022\/07\/Logo-digitalizadores-1024x119.png 1024w, https:\/\/tecnijanda.com\/wp-content\/uploads\/2022\/07\/Logo-digitalizadores-300x35.png 300w, https:\/\/tecnijanda.com\/wp-content\/uploads\/2022\/07\/Logo-digitalizadores-768x89.png 768w, https:\/\/tecnijanda.com\/wp-content\/uploads\/2022\/07\/Logo-digitalizadores-1536x178.png 1536w, https:\/\/tecnijanda.com\/wp-content\/uploads\/2022\/07\/Logo-digitalizadores.png 1920w\" sizes=\"(max-width: 1024px) 100vw, 1024px\" \/><\/a><\/figure>\n\n\n\n<div style=\"height:50px\" aria-hidden=\"true\" class=\"wp-block-spacer\"><\/div>\n\n\n\n<div class=\"wp-block-columns is-layout-flex wp-container-core-columns-is-layout-1 wp-block-columns-is-layout-flex\">\n<div class=\"wp-block-column is-layout-flow wp-block-column-is-layout-flow\">\n<p>Dentro del programa AceleraPYME del Ministerio de Asuntos Econ\u00f3micos y Transformaci\u00f3n Digital, se ha publicado la convocatoria de ayudas Kit Digital, orientada a pymes y aut\u00f3nomos para la implantaci\u00f3n de soluciones digitales a trav\u00e9s del <strong>bono digital<\/strong>.<\/p>\n\n\n\n<p>Las soluciones digitales solo podr\u00e1n ser proporcionadas a trav\u00e9s <strong>proveedores homologados<\/strong> del programa, llamados <strong>Agentes Digitalizadores<\/strong>.<\/p>\n\n\n\n<p>El servicio integral con soluciones para el aumento de la productividad y relaci\u00f3n con clientes.<\/p>\n<\/div>\n\n\n\n<div class=\"wp-block-column is-layout-flow wp-block-column-is-layout-flow\">\n<p class=\"has-text-align-center\"><strong>Segmento III 0 &lt; 3 empleados<\/strong>: 2.000\u20ac<\/p>\n\n\n\n<p class=\"has-text-align-center\"><strong>Segmento II 3 &lt; 9 empleados<\/strong>: 2.000\u20ac<\/p>\n\n\n\n<p class=\"has-text-align-center\"><strong>Segmento I 10 &lt; 50 empleados<\/strong>: 4.000\u20ac<\/p>\n\n\n\n<p class=\"has-text-align-center\">Ll\u00e1manos o contacte por el formulario de contacto, para recibir m\u00e1s informaci\u00f3n.<\/p>\n\n\n\n<div class=\"wp-block-buttons is-layout-flex wp-block-buttons-is-layout-flex\">\n<div class=\"wp-block-button aligncenter\"><a class=\"wp-block-button__link has-white-color has-text-color has-background\" href=\"https:\/\/tecnijanda.com\/?page_id=27\" style=\"background-color:#e8c266\"><strong>M\u00e1s informaci\u00f3n<\/strong><\/a><\/div>\n<\/div>\n<\/div>\n<\/div>\n\n\n\n<hr class=\"wp-block-separator has-alpha-channel-opacity\"\/>\n\n\n\n<h2 class=\"has-text-align-left wp-block-heading\"><strong><strong>\u00bfQu\u00e9 incluye este Kit Digital?<\/strong><\/strong><\/h2>\n\n\n\n<p>Esta soluci\u00f3n incluye un n\u00famero de horas destinadas a la parametrizaci\u00f3n para la definici\u00f3n de las particularidades de los procesos de comercializaci\u00f3n, as\u00ed como para la carga de datos. Estas horas se determinan, para cada uno de los segmentos de empresas definidos en el Art\u00edculo 8.2, de la siguiente forma.<\/p>\n\n\n\n<ul><li>Segmento I (10-menos de&nbsp;50 empleados): 40 horas de parametrizaci\u00f3n.<\/li><li>Segmentos II (3-menos de&nbsp;10 empleados) y III (0-menos de&nbsp;3 empleados): 30 horas de parametrizaci\u00f3n.<\/li><\/ul>\n\n\n\n<p><strong>Funcionalidades y servicios<\/strong><\/p>\n\n\n\n<p>Este proceso es esencial para la posterior implantaci\u00f3n y despliegue de la soluci\u00f3n de digitalizaci\u00f3n que proporcionar\u00e1, como m\u00ednimo, las funcionalidades y servicios que se detallan a continuaci\u00f3n:<\/p>\n\n\n\n<ul><li>Gesti\u00f3n de clientes:&nbsp;la soluci\u00f3n deber\u00e1 almacenar y permitir la consulta de datos de cada cliente desde su alta como oportunidad de negocio y la simulaci\u00f3n de compra de productos o contrataci\u00f3n de servicios.<\/li><li>Gesti\u00f3n de Clientes potenciales <em>(Leads):<\/em>&nbsp;la soluci\u00f3n deber\u00e1 permitir que se puedan dar de alta nuevos <em>Leads<\/em> de forma manual o mediante una importaci\u00f3n por fichero. Los datos asociados a los <em>Leads <\/em>deber\u00e1n permitir la gesti\u00f3n comercial de los mismos con el objetivo de convertirlos en clientes. La soluci\u00f3n incluir\u00e1 la funcionalidad de parametrizaci\u00f3n de reglas de negocio para la asignaci\u00f3n de <em>Leads <\/em>seg\u00fan diferentes criterios.<\/li><li>Gesti\u00f3n de oportunidades:&nbsp;la soluci\u00f3n deber\u00e1 gestionar todas las oportunidades de negocio que conlleven el env\u00edo al cliente potencial o <em>Lead <\/em>de ofertas y presupuestos. Adem\u00e1s, la soluci\u00f3n contemplar\u00e1 el estado de cada oportunidad (en an\u00e1lisis, oferta presentada, en negociaci\u00f3n, ganadas, canceladas, etc.).<\/li><li>Acciones o tareas comerciales: la soluci\u00f3n debe ofrecer la posibilidad de crear acciones y tareas comerciales, tanto de forma manual como autom\u00e1tica.<\/li><li><em>Reporting,<\/em> planificaci\u00f3n y seguimiento comercial:&nbsp;la soluci\u00f3n debe ofrecer soluciones de seguimiento mediante indicadores (KPI\u00b4s), pipeline y otros, con diferentes niveles de agregaci\u00f3n de informaci\u00f3n en funci\u00f3n del perfil del usuario de la soluci\u00f3n. Deber\u00e1 ser capaz de generar informes para el seguimiento y monitorizaci\u00f3n de la actividad comercial, contemplando ratios de eficiencia, estado de fases, pipeline y otros atributos medibles (como productos, cotizaciones, etc.), y seg\u00fan los canales, perfiles, roles y\/o fases comerciales. Estos informes podr\u00e1n mostrar, al menos, datos mensuales, acumulados y\/o comparativos entre diferentes ejercicios comerciales.<\/li><li>Alertas:&nbsp;la soluci\u00f3n debe permitir visualizar Alertas de Clientes en formato gr\u00e1fico de diferente tipolog\u00eda (iconos, mensajes emergentes, etc.).<\/li><li>Gesti\u00f3n documental:&nbsp;la soluci\u00f3n debe incluir un software para la gesti\u00f3n centralizada de la documentaci\u00f3n, capaz de insertar y\/o vincular documentos tanto relativos a la actividad comercial, como los proporcionados por los propios clientes.<\/li><li>Dise\u00f1o <em>Responsive:<\/em> la interfaz de la soluci\u00f3n debe ser<em> responsive<\/em>, es decir, debe adaptarse para ser funcional&nbsp;en todo tipo de dispositivos.<\/li><li>Integraci\u00f3n con diversas plataformas: disponibilidad de APIs o <em>Web Services<\/em> para la consolidaci\u00f3n de la informaci\u00f3n y datos de toda la empresa.<\/li><\/ul>\n\n\n\n<h2 class=\"has-text-align-left wp-block-heading\"><strong>\u00bfC\u00f3mo se consigue el Kit Digital?<\/strong><\/h2>\n\n\n\n<figure class=\"wp-block-embed is-type-video is-provider-youtube wp-block-embed-youtube wp-embed-aspect-16-9 wp-has-aspect-ratio\"><div class=\"wp-block-embed__wrapper\">\n<iframe loading=\"lazy\" title=\"\u00bfC\u00f3mo se consigue el Kit Digital?\" width=\"500\" height=\"281\" src=\"https:\/\/www.youtube.com\/embed\/LbkzY4PzoZg?feature=oembed\" frameborder=\"0\" allow=\"accelerometer; autoplay; clipboard-write; encrypted-media; gyroscope; picture-in-picture; web-share\" referrerpolicy=\"strict-origin-when-cross-origin\" allowfullscreen><\/iframe>\n<\/div><\/figure>\n","protected":false},"excerpt":{"rendered":"<p>Dentro del programa AceleraPYME del Ministerio de Asuntos Econ\u00f3micos y Transformaci\u00f3n Digital, se ha publicado la convocatoria de ayudas Kit Digital, orientada a pymes y aut\u00f3nomos para la implantaci\u00f3n de soluciones digitales a trav\u00e9s del bono digital. Las soluciones digitales solo podr\u00e1n ser proporcionadas a trav\u00e9s proveedores homologados del programa, llamados Agentes Digitalizadores. El servicio&hellip;<\/p>\n","protected":false},"author":4,"featured_media":0,"parent":0,"menu_order":0,"comment_status":"closed","ping_status":"closed","template":"","meta":{"footnotes":""},"_links":{"self":[{"href":"https:\/\/tecnijanda.com\/index.php?rest_route=\/wp\/v2\/pages\/76633"}],"collection":[{"href":"https:\/\/tecnijanda.com\/index.php?rest_route=\/wp\/v2\/pages"}],"about":[{"href":"https:\/\/tecnijanda.com\/index.php?rest_route=\/wp\/v2\/types\/page"}],"author":[{"embeddable":true,"href":"https:\/\/tecnijanda.com\/index.php?rest_route=\/wp\/v2\/users\/4"}],"replies":[{"embeddable":true,"href":"https:\/\/tecnijanda.com\/index.php?rest_route=%2Fwp%2Fv2%2Fcomments&post=76633"}],"version-history":[{"count":6,"href":"https:\/\/tecnijanda.com\/index.php?rest_route=\/wp\/v2\/pages\/76633\/revisions"}],"predecessor-version":[{"id":76662,"href":"https:\/\/tecnijanda.com\/index.php?rest_route=\/wp\/v2\/pages\/76633\/revisions\/76662"}],"wp:attachment":[{"href":"https:\/\/tecnijanda.com\/index.php?rest_route=%2Fwp%2Fv2%2Fmedia&parent=76633"}],"curies":[{"name":"wp","href":"https:\/\/api.w.org\/{rel}","templated":true}]}}