{"id":76642,"date":"2022-07-05T11:32:52","date_gmt":"2022-07-05T11:32:52","guid":{"rendered":"https:\/\/tecnijanda.com\/?page_id=76642"},"modified":"2022-08-17T10:46:43","modified_gmt":"2022-08-17T10:46:43","slug":"kit-digital-gestion-de-procesos","status":"publish","type":"page","link":"https:\/\/tecnijanda.com\/?page_id=76642","title":{"rendered":"Kit Digital Gesti\u00f3n de procesos"},"content":{"rendered":"\n<div style=\"height:50px\" aria-hidden=\"true\" class=\"wp-block-spacer\"><\/div>\n\n\n\n<figure class=\"wp-block-image size-large\"><a href=\"https:\/\/tecnijanda.com\/wp-content\/uploads\/2022\/07\/Logo-digitalizadores-1.png\"><img loading=\"lazy\" decoding=\"async\" width=\"1024\" height=\"119\" src=\"https:\/\/tecnijanda.com\/wp-content\/uploads\/2022\/07\/Logo-digitalizadores-1-1024x119.png\" alt=\"\" class=\"wp-image-76643\" srcset=\"https:\/\/tecnijanda.com\/wp-content\/uploads\/2022\/07\/Logo-digitalizadores-1-1024x119.png 1024w, https:\/\/tecnijanda.com\/wp-content\/uploads\/2022\/07\/Logo-digitalizadores-1-300x35.png 300w, https:\/\/tecnijanda.com\/wp-content\/uploads\/2022\/07\/Logo-digitalizadores-1-768x89.png 768w, https:\/\/tecnijanda.com\/wp-content\/uploads\/2022\/07\/Logo-digitalizadores-1-1536x178.png 1536w, https:\/\/tecnijanda.com\/wp-content\/uploads\/2022\/07\/Logo-digitalizadores-1.png 1920w\" sizes=\"(max-width: 1024px) 100vw, 1024px\" \/><\/a><\/figure>\n\n\n\n<div style=\"height:50px\" aria-hidden=\"true\" class=\"wp-block-spacer\"><\/div>\n\n\n\n<div class=\"wp-block-columns is-layout-flex wp-container-core-columns-is-layout-1 wp-block-columns-is-layout-flex\">\n<div class=\"wp-block-column is-layout-flow wp-block-column-is-layout-flow\">\n<p>Dentro del programa AceleraPYME del Ministerio de Asuntos Econ\u00f3micos y Transformaci\u00f3n Digital, se ha publicado la convocatoria de ayudas Kit Digital, orientada a pymes y aut\u00f3nomos para la implantaci\u00f3n de soluciones digitales a trav\u00e9s del <strong>bono digital<\/strong>.<\/p>\n\n\n\n<p>Las soluciones digitales solo podr\u00e1n ser proporcionadas a trav\u00e9s <strong>proveedores homologados<\/strong> del programa, llamados <strong>Agentes Digitalizadores<\/strong>.<\/p>\n\n\n\n<p>El objetivo es digitalizar y\/o automatizar procesos de negocio relacionados con los aspectos operativos o productivos de las empresas beneficiarias.<\/p>\n<\/div>\n\n\n\n<div class=\"wp-block-column is-layout-flow wp-block-column-is-layout-flow\">\n<p class=\"has-text-align-center\"><strong>Segmento III 0 &lt; 3 empleados<\/strong>: 500\u20ac<\/p>\n\n\n\n<p class=\"has-text-align-center\"><strong>Segmento II 3 &lt; 9 empleados<\/strong>: 2.000\u20ac<\/p>\n\n\n\n<p class=\"has-text-align-center\"><strong>Segmento I 10 &lt; 50 empleados<\/strong>: 6.000\u20ac<\/p>\n\n\n\n<p class=\"has-text-align-center\">Ll\u00e1manos o contacte por el formulario de contacto, para recibir m\u00e1s informaci\u00f3n.<\/p>\n\n\n\n<div class=\"wp-block-buttons is-layout-flex wp-block-buttons-is-layout-flex\">\n<div class=\"wp-block-button aligncenter\"><a class=\"wp-block-button__link has-white-color has-text-color has-background\" href=\"https:\/\/tecnijanda.com\/?page_id=27\" style=\"background-color:#e8c266\"><strong>M\u00e1s informaci\u00f3n<\/strong><\/a><\/div>\n<\/div>\n<\/div>\n<\/div>\n\n\n\n<hr class=\"wp-block-separator has-alpha-channel-opacity\"\/>\n\n\n\n<h2 class=\"has-text-align-left wp-block-heading\"><strong><strong>\u00bfQu\u00e9 incluye este Kit Digital?<\/strong><\/strong><\/h2>\n\n\n\n<p>Esta soluci\u00f3n incluye un n\u00famero de horas destinadas a la parametrizaci\u00f3n para la definici\u00f3n de las particularidades de los procesos de comercializaci\u00f3n, as\u00ed como para la carga de datos. Estas horas se determinan, para cada uno de los segmentos de empresas definidos en el Art\u00edculo 8.2, de la siguiente forma:<\/p>\n\n\n\n<ul><li>Segmento I (10-menos de&nbsp;50 empleados): 60 horas de parametrizaci\u00f3n.<\/li><li>Segmentos II (3-menos de&nbsp;10 empleados) y III (0-menos de&nbsp;3 empleados): 45 horas de parametrizaci\u00f3n.<\/li><\/ul>\n\n\n\n<p><strong>Funcionalidades y servicios<\/strong><\/p>\n\n\n\n<p>Este proceso es esencial para la posterior implantaci\u00f3n y despliegue de la soluci\u00f3n de digitalizaci\u00f3n que proporcionar\u00e1, como m\u00ednimo, las funcionalidades y servicios que se detallan a continuaci\u00f3n:<\/p>\n\n\n\n<ul><li>Digitalizaci\u00f3n y\/o automatizaci\u00f3n de procesos y flujos de trabajo: la soluci\u00f3n deber\u00e1 permitir la digitalizaci\u00f3n y\/o automatizaci\u00f3n de procesos tales como:<\/li><li>Contabilidad\/finanzas: cuentas por cobrar\/por pagar, gesti\u00f3n de activos y generaci\u00f3n de cierres y balances, etc.<\/li><li>Facturaci\u00f3n: automatizaci\u00f3n de los procesos de facturaci\u00f3n con la generaci\u00f3n de presupuestos, albaranes y facturas.<\/li><li>Proyectos: control de presupuestos, costes, estimaciones, optimizaci\u00f3n de los recursos, etc.<\/li><li>Inventario: previsi\u00f3n, niveles de <em>stock,<\/em> env\u00edos, distribuciones, devoluciones y cancelaciones, etc.\u2022\u2002Compras y pagos: gesti\u00f3n de pedidos de compra y proveedores.<\/li><li>Recursos humanos: gesti\u00f3n de los recursos humanos, n\u00f3minas, etc.<\/li><li>Log\u00edstica: gesti\u00f3n de flotas y rutas, entre otras.<\/li><li>Integraci\u00f3n con diversas plataformas: la soluci\u00f3n deber\u00e1 disponer de APIs o <em>Web Services<\/em> para su integraci\u00f3n con otras herramientas.<\/li><li>Actualizable: la soluci\u00f3n deber\u00e1 ser actualizable con nuevas versiones.<\/li><li>Escalable: la soluci\u00f3n deber\u00e1 poder adaptarse a los posibles crecimientos o cambios en la estructura empresarial de la pyme.<\/li><\/ul>\n\n\n\n<h2 class=\"has-text-align-left wp-block-heading\"><strong>\u00bfC\u00f3mo se consigue el Kit Digital?<\/strong><\/h2>\n\n\n\n<figure class=\"wp-block-embed is-type-video is-provider-youtube wp-block-embed-youtube wp-embed-aspect-16-9 wp-has-aspect-ratio\"><div class=\"wp-block-embed__wrapper\">\n<iframe loading=\"lazy\" title=\"\u00bfC\u00f3mo se consigue el Kit Digital?\" width=\"500\" height=\"281\" src=\"https:\/\/www.youtube.com\/embed\/LbkzY4PzoZg?feature=oembed\" frameborder=\"0\" allow=\"accelerometer; autoplay; clipboard-write; encrypted-media; gyroscope; picture-in-picture; web-share\" referrerpolicy=\"strict-origin-when-cross-origin\" allowfullscreen><\/iframe>\n<\/div><\/figure>\n","protected":false},"excerpt":{"rendered":"<p>Dentro del programa AceleraPYME del Ministerio de Asuntos Econ\u00f3micos y Transformaci\u00f3n Digital, se ha publicado la convocatoria de ayudas Kit Digital, orientada a pymes y aut\u00f3nomos para la implantaci\u00f3n de soluciones digitales a trav\u00e9s del bono digital. Las soluciones digitales solo podr\u00e1n ser proporcionadas a trav\u00e9s proveedores homologados del programa, llamados Agentes Digitalizadores. El objetivo&hellip;<\/p>\n","protected":false},"author":4,"featured_media":0,"parent":0,"menu_order":0,"comment_status":"closed","ping_status":"closed","template":"","meta":{"footnotes":""},"_links":{"self":[{"href":"https:\/\/tecnijanda.com\/index.php?rest_route=\/wp\/v2\/pages\/76642"}],"collection":[{"href":"https:\/\/tecnijanda.com\/index.php?rest_route=\/wp\/v2\/pages"}],"about":[{"href":"https:\/\/tecnijanda.com\/index.php?rest_route=\/wp\/v2\/types\/page"}],"author":[{"embeddable":true,"href":"https:\/\/tecnijanda.com\/index.php?rest_route=\/wp\/v2\/users\/4"}],"replies":[{"embeddable":true,"href":"https:\/\/tecnijanda.com\/index.php?rest_route=%2Fwp%2Fv2%2Fcomments&post=76642"}],"version-history":[{"count":6,"href":"https:\/\/tecnijanda.com\/index.php?rest_route=\/wp\/v2\/pages\/76642\/revisions"}],"predecessor-version":[{"id":76661,"href":"https:\/\/tecnijanda.com\/index.php?rest_route=\/wp\/v2\/pages\/76642\/revisions\/76661"}],"wp:attachment":[{"href":"https:\/\/tecnijanda.com\/index.php?rest_route=%2Fwp%2Fv2%2Fmedia&parent=76642"}],"curies":[{"name":"wp","href":"https:\/\/api.w.org\/{rel}","templated":true}]}}